{"id":228,"date":"2024-03-15T21:44:53","date_gmt":"2024-03-15T21:44:53","guid":{"rendered":"https:\/\/mssisli.com\/?page_id=228"},"modified":"2024-03-15T22:29:24","modified_gmt":"2024-03-15T22:29:24","slug":"digital","status":"publish","type":"page","link":"https:\/\/mssisli.com\/?page_id=228","title":{"rendered":"Digital"},"content":{"rendered":"<p><span style=\"font-size: 14px;\"><img loading=\"lazy\" decoding=\"async\" class=\"wp-image-242 size-full aligncenter\" src=\"https:\/\/mssisli.com\/wp-content\/uploads\/2024\/03\/Kukla-scaled.jpg\" alt=\"\" width=\"1919\" height=\"2560\" srcset=\"https:\/\/mssisli.com\/wp-content\/uploads\/2024\/03\/Kukla-scaled.jpg 1919w, https:\/\/mssisli.com\/wp-content\/uploads\/2024\/03\/Kukla-225x300.jpg 225w, https:\/\/mssisli.com\/wp-content\/uploads\/2024\/03\/Kukla-768x1025.jpg 768w, https:\/\/mssisli.com\/wp-content\/uploads\/2024\/03\/Kukla-1151x1536.jpg 1151w, https:\/\/mssisli.com\/wp-content\/uploads\/2024\/03\/Kukla-1535x2048.jpg 1535w\" sizes=\"(max-width: 1919px) 100vw, 1919px\" \/><\/span><\/p>\n<p style=\"text-align: center;\">Kukla \/ Digital<\/p>\n<p>&nbsp;<\/p>\n<p>&nbsp;<\/p>\n<p style=\"text-align: center;\"><img loading=\"lazy\" decoding=\"async\" class=\"aligncenter wp-image-243 size-full\" src=\"https:\/\/mssisli.com\/wp-content\/uploads\/2024\/03\/Morte_del_Passaggio-scaled.jpg\" alt=\"\" width=\"1919\" height=\"2560\" srcset=\"https:\/\/mssisli.com\/wp-content\/uploads\/2024\/03\/Morte_del_Passaggio-scaled.jpg 1919w, https:\/\/mssisli.com\/wp-content\/uploads\/2024\/03\/Morte_del_Passaggio-225x300.jpg 225w, https:\/\/mssisli.com\/wp-content\/uploads\/2024\/03\/Morte_del_Passaggio-768x1025.jpg 768w, https:\/\/mssisli.com\/wp-content\/uploads\/2024\/03\/Morte_del_Passaggio-1151x1536.jpg 1151w, https:\/\/mssisli.com\/wp-content\/uploads\/2024\/03\/Morte_del_Passaggio-1535x2048.jpg 1535w\" sizes=\"(max-width: 1919px) 100vw, 1919px\" \/><\/p>\n<p style=\"text-align: center;\">Morte del Passagio \/ Digital<\/p>\n<p>&nbsp;<\/p>\n<p>&nbsp;<\/p>\n<p style=\"text-align: center;\"><img loading=\"lazy\" decoding=\"async\" class=\"aligncenter size-full wp-image-241\" src=\"https:\/\/mssisli.com\/wp-content\/uploads\/2024\/03\/Ciglik-scaled.jpg\" alt=\"\" width=\"1922\" height=\"2560\" srcset=\"https:\/\/mssisli.com\/wp-content\/uploads\/2024\/03\/Ciglik-scaled.jpg 1922w, https:\/\/mssisli.com\/wp-content\/uploads\/2024\/03\/Ciglik-225x300.jpg 225w, https:\/\/mssisli.com\/wp-content\/uploads\/2024\/03\/Ciglik-769x1024.jpg 769w, https:\/\/mssisli.com\/wp-content\/uploads\/2024\/03\/Ciglik-768x1023.jpg 768w, https:\/\/mssisli.com\/wp-content\/uploads\/2024\/03\/Ciglik-1153x1536.jpg 1153w, https:\/\/mssisli.com\/wp-content\/uploads\/2024\/03\/Ciglik-1538x2048.jpg 1538w\" sizes=\"(max-width: 1922px) 100vw, 1922px\" \/><\/p>\n<p style=\"text-align: center;\">\u00c7\u0131\u011fl\u0131k \/ Digital<\/p>\n<p>&nbsp;<\/p>\n<p>&nbsp;<\/p>\n<p style=\"text-align: center;\"><img loading=\"lazy\" decoding=\"async\" class=\"aligncenter size-full wp-image-244\" src=\"https:\/\/mssisli.com\/wp-content\/uploads\/2024\/03\/SongWriter-scaled.jpg\" alt=\"\" width=\"1922\" height=\"2560\" srcset=\"https:\/\/mssisli.com\/wp-content\/uploads\/2024\/03\/SongWriter-scaled.jpg 1922w, https:\/\/mssisli.com\/wp-content\/uploads\/2024\/03\/SongWriter-225x300.jpg 225w, https:\/\/mssisli.com\/wp-content\/uploads\/2024\/03\/SongWriter-769x1024.jpg 769w, https:\/\/mssisli.com\/wp-content\/uploads\/2024\/03\/SongWriter-768x1023.jpg 768w, https:\/\/mssisli.com\/wp-content\/uploads\/2024\/03\/SongWriter-1153x1536.jpg 1153w, https:\/\/mssisli.com\/wp-content\/uploads\/2024\/03\/SongWriter-1538x2048.jpg 1538w\" sizes=\"(max-width: 1922px) 100vw, 1922px\" \/><\/p>\n<p style=\"text-align: center;\">Songwriter \/ Digital<\/p>\n<p>&nbsp;<\/p>\n<p>&nbsp;<\/p>\n","protected":false},"excerpt":{"rendered":"<p>Kukla \/ Digital &nbsp; &nbsp; Morte del Passagio \/ Digital &nbsp; &nbsp; \u00c7\u0131\u011fl\u0131k \/ Digital &nbsp; &nbsp; Songwriter \/ Digital &nbsp; &nbsp;<\/p>\n","protected":false},"author":2,"featured_media":0,"parent":10,"menu_order":2,"comment_status":"closed","ping_status":"closed","template":"","meta":{"footnotes":""},"_links":{"self":[{"href":"https:\/\/mssisli.com\/index.php?rest_route=\/wp\/v2\/pages\/228"}],"collection":[{"href":"https:\/\/mssisli.com\/index.php?rest_route=\/wp\/v2\/pages"}],"about":[{"href":"https:\/\/mssisli.com\/index.php?rest_route=\/wp\/v2\/types\/page"}],"author":[{"embeddable":true,"href":"https:\/\/mssisli.com\/index.php?rest_route=\/wp\/v2\/users\/2"}],"replies":[{"embeddable":true,"href":"https:\/\/mssisli.com\/index.php?rest_route=%2Fwp%2Fv2%2Fcomments&post=228"}],"version-history":[{"count":4,"href":"https:\/\/mssisli.com\/index.php?rest_route=\/wp\/v2\/pages\/228\/revisions"}],"predecessor-version":[{"id":247,"href":"https:\/\/mssisli.com\/index.php?rest_route=\/wp\/v2\/pages\/228\/revisions\/247"}],"up":[{"embeddable":true,"href":"https:\/\/mssisli.com\/index.php?rest_route=\/wp\/v2\/pages\/10"}],"wp:attachment":[{"href":"https:\/\/mssisli.com\/index.php?rest_route=%2Fwp%2Fv2%2Fmedia&parent=228"}],"curies":[{"name":"wp","href":"https:\/\/api.w.org\/{rel}","templated":true}]}}